{"id":217,"date":"2022-04-01T10:37:22","date_gmt":"2022-04-01T08:37:22","guid":{"rendered":"https:\/\/vivele.traincevenol.eu\/?page_id=217"},"modified":"2022-07-14T08:25:09","modified_gmt":"2022-07-14T06:25:09","slug":"les-150-ans","status":"publish","type":"page","link":"https:\/\/vivele.traincevenol.eu\/?page_id=217","title":{"rendered":"Les 150 ans"},"content":{"rendered":"<p><strong>Les moments forts des 150 + 1 ans de la ligne des C\u00e9vennes.<\/strong><\/p>\n<p><em>L&rsquo;avant-go\u00fbt de Mende<\/em><\/p>\n<p><em>Celui du Puy en Velay<\/em><\/p>\n<p><em>Celui de N\u00eemes<\/em><\/p>\n<p><em>Le retour du train C\u00e9venol \u00e0 Marseille pour une journ\u00e9e<\/em><\/p>\n<p><em>Le lancement des festivit\u00e9s de l&rsquo;\u00e9t\u00e9 \u00e0 Langogne<\/em><\/p>\n<p><em>L&rsquo;\u00e9tape la Grandcombe &#8211; Chamborigaud &#8211; Genolhac<\/em><\/p>\n<p><em>La semaine Brioude<\/em><\/p>\n<p><em>L&rsquo;\u00e9tape entre Langeac et Saint-Georges d&rsquo;Aurac<\/em><\/p>\n<p><em>L&rsquo;\u00e9tape Alleyras<\/em><\/p>\n<p><em>La semaine Villefort Pr\u00e9vench\u00e8res Labastide Puylaurent\u00a0<\/em><\/p>\n<p><em>La rando &#8211; cyclo entre Villefort et Langeac<\/em><\/p>\n<p><em>L&rsquo;\u00e9tape Monistrol d&rsquo;Allier<\/em><\/p>\n<p><em>La semaine Chapeauroux et le festival Les Arches #1<\/em><\/p>\n<p><em>Le bilan final \u00e0 Clermont Ferrand<\/em><\/p>\n<p><em>L&rsquo;exposition itin\u00e9rante \u00ab\u00a0Trains et grands espaces\u00a0\u00bb de R\u00e9mi Daugeron<\/em><\/p>\n<p><em>Les balades du train C\u00e9venol tout l&rsquo;\u00e9t\u00e9<\/em><\/p>\n<p><em>Une photo de l&rsquo;\u00e9quipe qui a men\u00e9 le projet \u00e0 bon port<\/em><\/p>\n<p>&nbsp;<\/p>\n<p>Et tout le d\u00e9tail qui est sur ce site :<\/p>\n<p><a href=\"https:\/\/150ans.traincevenol.eu\" target=\"_blank\" rel=\"noopener\"><img loading=\"lazy\" class=\"alignnone wp-image-266\" src=\"https:\/\/vivele.traincevenol.eu\/wp-content\/uploads\/2022\/04\/screenshot-www.150anstraincevenol.info-2022.04.14-17_16_23-300x181.jpg\" alt=\"\" width=\"681\" height=\"411\" srcset=\"https:\/\/vivele.traincevenol.eu\/wp-content\/uploads\/2022\/04\/screenshot-www.150anstraincevenol.info-2022.04.14-17_16_23-300x181.jpg 300w, https:\/\/vivele.traincevenol.eu\/wp-content\/uploads\/2022\/04\/screenshot-www.150anstraincevenol.info-2022.04.14-17_16_23-1024x616.jpg 1024w, https:\/\/vivele.traincevenol.eu\/wp-content\/uploads\/2022\/04\/screenshot-www.150anstraincevenol.info-2022.04.14-17_16_23-768x462.jpg 768w, https:\/\/vivele.traincevenol.eu\/wp-content\/uploads\/2022\/04\/screenshot-www.150anstraincevenol.info-2022.04.14-17_16_23-600x361.jpg 600w, https:\/\/vivele.traincevenol.eu\/wp-content\/uploads\/2022\/04\/screenshot-www.150anstraincevenol.info-2022.04.14-17_16_23.jpg 1200w\" sizes=\"(max-width: 681px) 100vw, 681px\" \/><\/a><\/p>\n<p>&nbsp;<\/p>\n<p>&nbsp;<\/p>\n","protected":false},"excerpt":{"rendered":"<p>Les moments forts des 150 + 1 ans de la ligne des C\u00e9vennes. L&rsquo;avant-go\u00fbt de Mende Celui du Puy en Velay Celui de N\u00eemes Le retour du train C\u00e9venol \u00e0 Marseille pour une journ\u00e9e Le lancement des festivit\u00e9s de l&rsquo;\u00e9t\u00e9 \u00e0 Langogne L&rsquo;\u00e9tape la Grandcombe &#8211; Chamborigaud &#8211; Genolhac La semaine Brioude L&rsquo;\u00e9tape entre Langeac [&hellip;]<\/p>\n","protected":false},"author":1,"featured_media":0,"parent":0,"menu_order":0,"comment_status":"closed","ping_status":"closed","template":"","meta":[],"yoast_head":"<!-- This site is optimized with the Yoast SEO plugin v19.6 - https:\/\/yoast.com\/wordpress\/plugins\/seo\/ -->\n<title>Les 150 ans - Vive le train C\u00e9venol !<\/title>\n<meta name=\"robots\" content=\"index, follow, max-snippet:-1, max-image-preview:large, max-video-preview:-1\" \/>\n<link rel=\"canonical\" href=\"https:\/\/vivele.traincevenol.eu\/?page_id=217\" \/>\n<meta property=\"og:locale\" content=\"fr_FR\" \/>\n<meta property=\"og:type\" content=\"article\" \/>\n<meta property=\"og:title\" content=\"Les 150 ans - Vive le train C\u00e9venol !\" \/>\n<meta property=\"og:description\" content=\"Les moments forts des 150 + 1 ans de la ligne des C\u00e9vennes. L&rsquo;avant-go\u00fbt de Mende Celui du Puy en Velay Celui de N\u00eemes Le retour du train C\u00e9venol \u00e0 Marseille pour une journ\u00e9e Le lancement des festivit\u00e9s de l&rsquo;\u00e9t\u00e9 \u00e0 Langogne L&rsquo;\u00e9tape la Grandcombe &#8211; Chamborigaud &#8211; Genolhac La semaine Brioude L&rsquo;\u00e9tape entre Langeac [&hellip;]\" \/>\n<meta property=\"og:url\" content=\"https:\/\/vivele.traincevenol.eu\/?page_id=217\" \/>\n<meta property=\"og:site_name\" content=\"Vive le train C\u00e9venol !\" \/>\n<meta property=\"article:modified_time\" content=\"2022-07-14T06:25:09+00:00\" \/>\n<meta property=\"og:image\" content=\"https:\/\/vivele.traincevenol.eu\/wp-content\/uploads\/2022\/04\/screenshot-www.150anstraincevenol.info-2022.04.14-17_16_23-300x181.jpg\" \/>\n<meta name=\"twitter:card\" content=\"summary_large_image\" \/>\n<meta name=\"twitter:site\" content=\"@traincevenol150\" \/>\n<meta name=\"twitter:label1\" content=\"Dur\u00e9e de lecture estim\u00e9e\" \/>\n\t<meta name=\"twitter:data1\" content=\"1 minute\" \/>\n<script type=\"application\/ld+json\" class=\"yoast-schema-graph\">{\"@context\":\"https:\/\/schema.org\",\"@graph\":[{\"@type\":\"WebPage\",\"@id\":\"https:\/\/vivele.traincevenol.eu\/?page_id=217\",\"url\":\"https:\/\/vivele.traincevenol.eu\/?page_id=217\",\"name\":\"Les 150 ans - Vive le train C\u00e9venol !\",\"isPartOf\":{\"@id\":\"https:\/\/vivele.traincevenol.eu\/#website\"},\"datePublished\":\"2022-04-01T08:37:22+00:00\",\"dateModified\":\"2022-07-14T06:25:09+00:00\",\"breadcrumb\":{\"@id\":\"https:\/\/vivele.traincevenol.eu\/?page_id=217#breadcrumb\"},\"inLanguage\":\"fr-FR\",\"potentialAction\":[{\"@type\":\"ReadAction\",\"target\":[\"https:\/\/vivele.traincevenol.eu\/?page_id=217\"]}]},{\"@type\":\"BreadcrumbList\",\"@id\":\"https:\/\/vivele.traincevenol.eu\/?page_id=217#breadcrumb\",\"itemListElement\":[{\"@type\":\"ListItem\",\"position\":1,\"name\":\"Accueil\",\"item\":\"https:\/\/vivele.traincevenol.eu\/\"},{\"@type\":\"ListItem\",\"position\":2,\"name\":\"Les 150 ans\"}]},{\"@type\":\"WebSite\",\"@id\":\"https:\/\/vivele.traincevenol.eu\/#website\",\"url\":\"https:\/\/vivele.traincevenol.eu\/\",\"name\":\"Vive le train C\u00e9venol !\",\"description\":\"L&#039;axe M\u00e9diterran\u00e9e Auvergne via les C\u00e9vennes\",\"publisher\":{\"@id\":\"https:\/\/vivele.traincevenol.eu\/#organization\"},\"potentialAction\":[{\"@type\":\"SearchAction\",\"target\":{\"@type\":\"EntryPoint\",\"urlTemplate\":\"https:\/\/vivele.traincevenol.eu\/?s={search_term_string}\"},\"query-input\":\"required name=search_term_string\"}],\"inLanguage\":\"fr-FR\"},{\"@type\":\"Organization\",\"@id\":\"https:\/\/vivele.traincevenol.eu\/#organization\",\"name\":\"Association \\\"Vive le train C\u00e9venol \\\"\",\"url\":\"https:\/\/vivele.traincevenol.eu\/\",\"sameAs\":[\"https:\/\/twitter.com\/traincevenol150\"],\"logo\":{\"@type\":\"ImageObject\",\"inLanguage\":\"fr-FR\",\"@id\":\"https:\/\/vivele.traincevenol.eu\/#\/schema\/logo\/image\/\",\"url\":\"https:\/\/vivele.traincevenol.eu\/wp-content\/uploads\/2022\/02\/2022-logo-vltc-05.png\",\"contentUrl\":\"https:\/\/vivele.traincevenol.eu\/wp-content\/uploads\/2022\/02\/2022-logo-vltc-05.png\",\"width\":1496,\"height\":1496,\"caption\":\"Association \\\"Vive le train C\u00e9venol \\\"\"},\"image\":{\"@id\":\"https:\/\/vivele.traincevenol.eu\/#\/schema\/logo\/image\/\"}}]}<\/script>\n<!-- \/ Yoast SEO plugin. -->","yoast_head_json":{"title":"Les 150 ans - Vive le train C\u00e9venol !","robots":{"index":"index","follow":"follow","max-snippet":"max-snippet:-1","max-image-preview":"max-image-preview:large","max-video-preview":"max-video-preview:-1"},"canonical":"https:\/\/vivele.traincevenol.eu\/?page_id=217","og_locale":"fr_FR","og_type":"article","og_title":"Les 150 ans - Vive le train C\u00e9venol !","og_description":"Les moments forts des 150 + 1 ans de la ligne des C\u00e9vennes. L&rsquo;avant-go\u00fbt de Mende Celui du Puy en Velay Celui de N\u00eemes Le retour du train C\u00e9venol \u00e0 Marseille pour une journ\u00e9e Le lancement des festivit\u00e9s de l&rsquo;\u00e9t\u00e9 \u00e0 Langogne L&rsquo;\u00e9tape la Grandcombe &#8211; Chamborigaud &#8211; Genolhac La semaine Brioude L&rsquo;\u00e9tape entre Langeac [&hellip;]","og_url":"https:\/\/vivele.traincevenol.eu\/?page_id=217","og_site_name":"Vive le train C\u00e9venol !","article_modified_time":"2022-07-14T06:25:09+00:00","og_image":[{"url":"https:\/\/vivele.traincevenol.eu\/wp-content\/uploads\/2022\/04\/screenshot-www.150anstraincevenol.info-2022.04.14-17_16_23-300x181.jpg"}],"twitter_card":"summary_large_image","twitter_site":"@traincevenol150","twitter_misc":{"Dur\u00e9e de lecture estim\u00e9e":"1 minute"},"schema":{"@context":"https:\/\/schema.org","@graph":[{"@type":"WebPage","@id":"https:\/\/vivele.traincevenol.eu\/?page_id=217","url":"https:\/\/vivele.traincevenol.eu\/?page_id=217","name":"Les 150 ans - Vive le train C\u00e9venol !","isPartOf":{"@id":"https:\/\/vivele.traincevenol.eu\/#website"},"datePublished":"2022-04-01T08:37:22+00:00","dateModified":"2022-07-14T06:25:09+00:00","breadcrumb":{"@id":"https:\/\/vivele.traincevenol.eu\/?page_id=217#breadcrumb"},"inLanguage":"fr-FR","potentialAction":[{"@type":"ReadAction","target":["https:\/\/vivele.traincevenol.eu\/?page_id=217"]}]},{"@type":"BreadcrumbList","@id":"https:\/\/vivele.traincevenol.eu\/?page_id=217#breadcrumb","itemListElement":[{"@type":"ListItem","position":1,"name":"Accueil","item":"https:\/\/vivele.traincevenol.eu\/"},{"@type":"ListItem","position":2,"name":"Les 150 ans"}]},{"@type":"WebSite","@id":"https:\/\/vivele.traincevenol.eu\/#website","url":"https:\/\/vivele.traincevenol.eu\/","name":"Vive le train C\u00e9venol !","description":"L&#039;axe M\u00e9diterran\u00e9e Auvergne via les C\u00e9vennes","publisher":{"@id":"https:\/\/vivele.traincevenol.eu\/#organization"},"potentialAction":[{"@type":"SearchAction","target":{"@type":"EntryPoint","urlTemplate":"https:\/\/vivele.traincevenol.eu\/?s={search_term_string}"},"query-input":"required name=search_term_string"}],"inLanguage":"fr-FR"},{"@type":"Organization","@id":"https:\/\/vivele.traincevenol.eu\/#organization","name":"Association \"Vive le train C\u00e9venol \"","url":"https:\/\/vivele.traincevenol.eu\/","sameAs":["https:\/\/twitter.com\/traincevenol150"],"logo":{"@type":"ImageObject","inLanguage":"fr-FR","@id":"https:\/\/vivele.traincevenol.eu\/#\/schema\/logo\/image\/","url":"https:\/\/vivele.traincevenol.eu\/wp-content\/uploads\/2022\/02\/2022-logo-vltc-05.png","contentUrl":"https:\/\/vivele.traincevenol.eu\/wp-content\/uploads\/2022\/02\/2022-logo-vltc-05.png","width":1496,"height":1496,"caption":"Association \"Vive le train C\u00e9venol \""},"image":{"@id":"https:\/\/vivele.traincevenol.eu\/#\/schema\/logo\/image\/"}}]}},"_links":{"self":[{"href":"https:\/\/vivele.traincevenol.eu\/index.php?rest_route=\/wp\/v2\/pages\/217"}],"collection":[{"href":"https:\/\/vivele.traincevenol.eu\/index.php?rest_route=\/wp\/v2\/pages"}],"about":[{"href":"https:\/\/vivele.traincevenol.eu\/index.php?rest_route=\/wp\/v2\/types\/page"}],"author":[{"embeddable":true,"href":"https:\/\/vivele.traincevenol.eu\/index.php?rest_route=\/wp\/v2\/users\/1"}],"replies":[{"embeddable":true,"href":"https:\/\/vivele.traincevenol.eu\/index.php?rest_route=%2Fwp%2Fv2%2Fcomments&post=217"}],"version-history":[{"count":14,"href":"https:\/\/vivele.traincevenol.eu\/index.php?rest_route=\/wp\/v2\/pages\/217\/revisions"}],"predecessor-version":[{"id":402,"href":"https:\/\/vivele.traincevenol.eu\/index.php?rest_route=\/wp\/v2\/pages\/217\/revisions\/402"}],"wp:attachment":[{"href":"https:\/\/vivele.traincevenol.eu\/index.php?rest_route=%2Fwp%2Fv2%2Fmedia&parent=217"}],"curies":[{"name":"wp","href":"https:\/\/api.w.org\/{rel}","templated":true}]}}