{"id":211,"date":"2022-04-01T10:32:38","date_gmt":"2022-04-01T08:32:38","guid":{"rendered":"https:\/\/vivele.traincevenol.eu\/?page_id=211"},"modified":"2022-11-28T20:47:01","modified_gmt":"2022-11-28T19:47:01","slug":"la-ligne-ferroviaire","status":"publish","type":"page","link":"https:\/\/vivele.traincevenol.eu\/?page_id=211","title":{"rendered":"La ligne"},"content":{"rendered":"<p><strong>Vous trouverez bient\u00f4t ici un peu d&rsquo;histoire de la ligne des C\u00e9vennes qui relie la M\u00e9diterran\u00e9e \u00e0 l&rsquo;Auvergne, une galerie photo, mais en attendant voici les sites o\u00f9 vous pourrez consulter horaires, tarifs r\u00e9duits et acheter vos billets.<\/strong><\/p>\n<p>&nbsp;<\/p>\n<p>Pour les horaires et tarifs sp\u00e9ciaux :<\/p>\n<p><a href=\"https:\/\/m.ter.sncf.com\/occitanie\">https:\/\/m.ter.sncf.com\/occitanie<\/a><\/p>\n<p><a href=\"https:\/\/m.ter.sncf.com\/auvergne-rhone-alpes\">https:\/\/m.ter.sncf.com\/auvergne-rhone-alpes<\/a><\/p>\n<p>&nbsp;<\/p>\n<p>Pour l&rsquo;achat de vos billets :<\/p>\n<p><a href=\"https:\/\/www.sncf-connect.com\/\">https:\/\/www.sncf-connect.com\/<\/a><\/p>\n<p><a href=\"https:\/\/www.thetrainline.com\/fr\">https:\/\/www.thetrainline.com\/fr<\/a><\/p>\n<p>&nbsp;<\/p>\n<p>L&rsquo;\u00e9t\u00e9 il y a \u00e9galement le train touristique des Gorges de l&rsquo;Allier :<\/p>\n<p><a href=\"https:\/\/www.train-gorges-allier.com\/\">https:\/\/www.train-gorges-allier.com\/<\/a><\/p>\n<p>&nbsp;<\/p>\n<p>Il y a aussi les parcours \u00e0 bord du \u00ab\u00a0train bleu du sud\u00a0\u00bb de l&rsquo;association AP2800 :<\/p>\n<p><a href=\"http:\/\/ap2800.fr\/\">http:\/\/ap2800.fr\/<\/a><\/p>\n<p>&nbsp;<\/p>\n<p>Un petit train sur la ligne des C\u00e9vennes&#8230;<\/p>\n<div style=\"width: 1140px;\" class=\"wp-video\"><!--[if lt IE 9]><script>document.createElement('video');<\/script><![endif]-->\n<video class=\"wp-video-shortcode\" id=\"video-211-1\" width=\"1140\" height=\"641\" preload=\"metadata\" controls=\"controls\"><source type=\"video\/mp4\" src=\"https:\/\/vivele.traincevenol.eu\/wp-content\/uploads\/2022\/11\/viveletraincevenol-2022-11-08_22-52-20.mp4?_=1\" \/><a href=\"https:\/\/vivele.traincevenol.eu\/wp-content\/uploads\/2022\/11\/viveletraincevenol-2022-11-08_22-52-20.mp4\">https:\/\/vivele.traincevenol.eu\/wp-content\/uploads\/2022\/11\/viveletraincevenol-2022-11-08_22-52-20.mp4<\/a><\/video><\/div>\n","protected":false},"excerpt":{"rendered":"<p>Vous trouverez bient\u00f4t ici un peu d&rsquo;histoire de la ligne des C\u00e9vennes qui relie la M\u00e9diterran\u00e9e \u00e0 l&rsquo;Auvergne, une galerie photo, mais en attendant voici les sites o\u00f9 vous pourrez consulter horaires, tarifs r\u00e9duits et acheter vos billets. &nbsp; Pour les horaires et tarifs sp\u00e9ciaux : https:\/\/m.ter.sncf.com\/occitanie https:\/\/m.ter.sncf.com\/auvergne-rhone-alpes &nbsp; Pour l&rsquo;achat de vos billets : [&hellip;]<\/p>\n","protected":false},"author":1,"featured_media":0,"parent":0,"menu_order":0,"comment_status":"closed","ping_status":"closed","template":"","meta":[],"yoast_head":"<!-- This site is optimized with the Yoast SEO plugin v19.6 - https:\/\/yoast.com\/wordpress\/plugins\/seo\/ -->\n<title>La ligne - Vive le train C\u00e9venol !<\/title>\n<meta name=\"robots\" content=\"index, follow, max-snippet:-1, max-image-preview:large, max-video-preview:-1\" \/>\n<link rel=\"canonical\" href=\"https:\/\/vivele.traincevenol.eu\/?page_id=211\" \/>\n<meta property=\"og:locale\" content=\"fr_FR\" \/>\n<meta property=\"og:type\" content=\"article\" \/>\n<meta property=\"og:title\" content=\"La ligne - Vive le train C\u00e9venol !\" \/>\n<meta property=\"og:description\" content=\"Vous trouverez bient\u00f4t ici un peu d&rsquo;histoire de la ligne des C\u00e9vennes qui relie la M\u00e9diterran\u00e9e \u00e0 l&rsquo;Auvergne, une galerie photo, mais en attendant voici les sites o\u00f9 vous pourrez consulter horaires, tarifs r\u00e9duits et acheter vos billets. &nbsp; Pour les horaires et tarifs sp\u00e9ciaux : https:\/\/m.ter.sncf.com\/occitanie https:\/\/m.ter.sncf.com\/auvergne-rhone-alpes &nbsp; Pour l&rsquo;achat de vos billets : [&hellip;]\" \/>\n<meta property=\"og:url\" content=\"https:\/\/vivele.traincevenol.eu\/?page_id=211\" \/>\n<meta property=\"og:site_name\" content=\"Vive le train C\u00e9venol !\" \/>\n<meta property=\"article:modified_time\" content=\"2022-11-28T19:47:01+00:00\" \/>\n<meta name=\"twitter:card\" content=\"summary_large_image\" \/>\n<meta name=\"twitter:site\" content=\"@traincevenol150\" \/>\n<meta name=\"twitter:label1\" content=\"Dur\u00e9e de lecture estim\u00e9e\" \/>\n\t<meta name=\"twitter:data1\" content=\"1 minute\" \/>\n<script type=\"application\/ld+json\" class=\"yoast-schema-graph\">{\"@context\":\"https:\/\/schema.org\",\"@graph\":[{\"@type\":\"WebPage\",\"@id\":\"https:\/\/vivele.traincevenol.eu\/?page_id=211\",\"url\":\"https:\/\/vivele.traincevenol.eu\/?page_id=211\",\"name\":\"La ligne - Vive le train C\u00e9venol !\",\"isPartOf\":{\"@id\":\"https:\/\/vivele.traincevenol.eu\/#website\"},\"datePublished\":\"2022-04-01T08:32:38+00:00\",\"dateModified\":\"2022-11-28T19:47:01+00:00\",\"breadcrumb\":{\"@id\":\"https:\/\/vivele.traincevenol.eu\/?page_id=211#breadcrumb\"},\"inLanguage\":\"fr-FR\",\"potentialAction\":[{\"@type\":\"ReadAction\",\"target\":[\"https:\/\/vivele.traincevenol.eu\/?page_id=211\"]}]},{\"@type\":\"BreadcrumbList\",\"@id\":\"https:\/\/vivele.traincevenol.eu\/?page_id=211#breadcrumb\",\"itemListElement\":[{\"@type\":\"ListItem\",\"position\":1,\"name\":\"Accueil\",\"item\":\"https:\/\/vivele.traincevenol.eu\/\"},{\"@type\":\"ListItem\",\"position\":2,\"name\":\"La ligne\"}]},{\"@type\":\"WebSite\",\"@id\":\"https:\/\/vivele.traincevenol.eu\/#website\",\"url\":\"https:\/\/vivele.traincevenol.eu\/\",\"name\":\"Vive le train C\u00e9venol !\",\"description\":\"L&#039;axe M\u00e9diterran\u00e9e Auvergne via les C\u00e9vennes\",\"publisher\":{\"@id\":\"https:\/\/vivele.traincevenol.eu\/#organization\"},\"potentialAction\":[{\"@type\":\"SearchAction\",\"target\":{\"@type\":\"EntryPoint\",\"urlTemplate\":\"https:\/\/vivele.traincevenol.eu\/?s={search_term_string}\"},\"query-input\":\"required name=search_term_string\"}],\"inLanguage\":\"fr-FR\"},{\"@type\":\"Organization\",\"@id\":\"https:\/\/vivele.traincevenol.eu\/#organization\",\"name\":\"Association \\\"Vive le train C\u00e9venol \\\"\",\"url\":\"https:\/\/vivele.traincevenol.eu\/\",\"sameAs\":[\"https:\/\/twitter.com\/traincevenol150\"],\"logo\":{\"@type\":\"ImageObject\",\"inLanguage\":\"fr-FR\",\"@id\":\"https:\/\/vivele.traincevenol.eu\/#\/schema\/logo\/image\/\",\"url\":\"https:\/\/vivele.traincevenol.eu\/wp-content\/uploads\/2022\/02\/2022-logo-vltc-05.png\",\"contentUrl\":\"https:\/\/vivele.traincevenol.eu\/wp-content\/uploads\/2022\/02\/2022-logo-vltc-05.png\",\"width\":1496,\"height\":1496,\"caption\":\"Association \\\"Vive le train C\u00e9venol \\\"\"},\"image\":{\"@id\":\"https:\/\/vivele.traincevenol.eu\/#\/schema\/logo\/image\/\"}}]}<\/script>\n<!-- \/ Yoast SEO plugin. -->","yoast_head_json":{"title":"La ligne - Vive le train C\u00e9venol !","robots":{"index":"index","follow":"follow","max-snippet":"max-snippet:-1","max-image-preview":"max-image-preview:large","max-video-preview":"max-video-preview:-1"},"canonical":"https:\/\/vivele.traincevenol.eu\/?page_id=211","og_locale":"fr_FR","og_type":"article","og_title":"La ligne - Vive le train C\u00e9venol !","og_description":"Vous trouverez bient\u00f4t ici un peu d&rsquo;histoire de la ligne des C\u00e9vennes qui relie la M\u00e9diterran\u00e9e \u00e0 l&rsquo;Auvergne, une galerie photo, mais en attendant voici les sites o\u00f9 vous pourrez consulter horaires, tarifs r\u00e9duits et acheter vos billets. &nbsp; Pour les horaires et tarifs sp\u00e9ciaux : https:\/\/m.ter.sncf.com\/occitanie https:\/\/m.ter.sncf.com\/auvergne-rhone-alpes &nbsp; Pour l&rsquo;achat de vos billets : [&hellip;]","og_url":"https:\/\/vivele.traincevenol.eu\/?page_id=211","og_site_name":"Vive le train C\u00e9venol !","article_modified_time":"2022-11-28T19:47:01+00:00","twitter_card":"summary_large_image","twitter_site":"@traincevenol150","twitter_misc":{"Dur\u00e9e de lecture estim\u00e9e":"1 minute"},"schema":{"@context":"https:\/\/schema.org","@graph":[{"@type":"WebPage","@id":"https:\/\/vivele.traincevenol.eu\/?page_id=211","url":"https:\/\/vivele.traincevenol.eu\/?page_id=211","name":"La ligne - Vive le train C\u00e9venol !","isPartOf":{"@id":"https:\/\/vivele.traincevenol.eu\/#website"},"datePublished":"2022-04-01T08:32:38+00:00","dateModified":"2022-11-28T19:47:01+00:00","breadcrumb":{"@id":"https:\/\/vivele.traincevenol.eu\/?page_id=211#breadcrumb"},"inLanguage":"fr-FR","potentialAction":[{"@type":"ReadAction","target":["https:\/\/vivele.traincevenol.eu\/?page_id=211"]}]},{"@type":"BreadcrumbList","@id":"https:\/\/vivele.traincevenol.eu\/?page_id=211#breadcrumb","itemListElement":[{"@type":"ListItem","position":1,"name":"Accueil","item":"https:\/\/vivele.traincevenol.eu\/"},{"@type":"ListItem","position":2,"name":"La ligne"}]},{"@type":"WebSite","@id":"https:\/\/vivele.traincevenol.eu\/#website","url":"https:\/\/vivele.traincevenol.eu\/","name":"Vive le train C\u00e9venol !","description":"L&#039;axe M\u00e9diterran\u00e9e Auvergne via les C\u00e9vennes","publisher":{"@id":"https:\/\/vivele.traincevenol.eu\/#organization"},"potentialAction":[{"@type":"SearchAction","target":{"@type":"EntryPoint","urlTemplate":"https:\/\/vivele.traincevenol.eu\/?s={search_term_string}"},"query-input":"required name=search_term_string"}],"inLanguage":"fr-FR"},{"@type":"Organization","@id":"https:\/\/vivele.traincevenol.eu\/#organization","name":"Association \"Vive le train C\u00e9venol \"","url":"https:\/\/vivele.traincevenol.eu\/","sameAs":["https:\/\/twitter.com\/traincevenol150"],"logo":{"@type":"ImageObject","inLanguage":"fr-FR","@id":"https:\/\/vivele.traincevenol.eu\/#\/schema\/logo\/image\/","url":"https:\/\/vivele.traincevenol.eu\/wp-content\/uploads\/2022\/02\/2022-logo-vltc-05.png","contentUrl":"https:\/\/vivele.traincevenol.eu\/wp-content\/uploads\/2022\/02\/2022-logo-vltc-05.png","width":1496,"height":1496,"caption":"Association \"Vive le train C\u00e9venol \""},"image":{"@id":"https:\/\/vivele.traincevenol.eu\/#\/schema\/logo\/image\/"}}]}},"_links":{"self":[{"href":"https:\/\/vivele.traincevenol.eu\/index.php?rest_route=\/wp\/v2\/pages\/211"}],"collection":[{"href":"https:\/\/vivele.traincevenol.eu\/index.php?rest_route=\/wp\/v2\/pages"}],"about":[{"href":"https:\/\/vivele.traincevenol.eu\/index.php?rest_route=\/wp\/v2\/types\/page"}],"author":[{"embeddable":true,"href":"https:\/\/vivele.traincevenol.eu\/index.php?rest_route=\/wp\/v2\/users\/1"}],"replies":[{"embeddable":true,"href":"https:\/\/vivele.traincevenol.eu\/index.php?rest_route=%2Fwp%2Fv2%2Fcomments&post=211"}],"version-history":[{"count":7,"href":"https:\/\/vivele.traincevenol.eu\/index.php?rest_route=\/wp\/v2\/pages\/211\/revisions"}],"predecessor-version":[{"id":544,"href":"https:\/\/vivele.traincevenol.eu\/index.php?rest_route=\/wp\/v2\/pages\/211\/revisions\/544"}],"wp:attachment":[{"href":"https:\/\/vivele.traincevenol.eu\/index.php?rest_route=%2Fwp%2Fv2%2Fmedia&parent=211"}],"curies":[{"name":"wp","href":"https:\/\/api.w.org\/{rel}","templated":true}]}}