{"id":2,"date":"2022-02-12T16:05:29","date_gmt":"2022-02-12T15:05:29","guid":{"rendered":"https:\/\/vivele.traincevenol.eu\/?page_id=2"},"modified":"2022-07-30T14:13:52","modified_gmt":"2022-07-30T12:13:52","slug":"l-association","status":"publish","type":"page","link":"https:\/\/vivele.traincevenol.eu\/?page_id=2","title":{"rendered":"L&rsquo;association"},"content":{"rendered":"\r\n<p>L&rsquo;association Vive le Train C\u00e9venol est la continuation (non pr\u00e9vue) de \u00ab\u00a0150 ans de la ligne du train C\u00e9venol\u00a0\u00bb l&rsquo;organisation qui a men\u00e9 \u00e0 bien les festivit\u00e9s en 2021 autour de l&rsquo;anniversaire de la ligne.<\/p>\r\n<p>Un site d\u00e9di\u00e9 retrace tous les \u00e9v\u00e9nements organis\u00e9s, c&rsquo;est <a href=\"https:\/\/150ans.traincevenol.eu\">150ans.traincevenol.eu<\/a><\/p>\r\n<p>La nouvelle association s&rsquo;est donn\u00e9e pour objectif d&rsquo;animer la ligne en poursuivant le <strong>festival<\/strong> \u00ab\u00a0Les Arches\u00a0\u00bb organis\u00e9 pour la premi\u00e8re fois \u00e0 Chapeauroux \/ Le Nouveau monde \u00e0 la limite des deux r\u00e9gions Occitanie et Auvergne Rh\u00f4ne Alpes. Aussi en poursuivant les <strong>\u00ab\u00a0ferro-randos\u00a0\u00bb<\/strong> initi\u00e9es l&rsquo;an dernier, ce sont des balades autour de la ligne et des gares : on se rend sur le lieu de d\u00e9part en train et on revient par les sentiers de randonn\u00e9e, ou bien simplement on se rend dans une gare et on profite des randonn\u00e9es en boucle propos\u00e9es par notre nouveau site web.<\/p>\r\n<p>Un autre objectif est d&rsquo;organiser des s\u00e9ances de <strong>sensibilisation au train dans les \u00e9coles<\/strong> et d&rsquo;assurer la <strong>pr\u00e9servation du patrimoine ferroviaire<\/strong>.<\/p>\r\n<p>L&rsquo;association s&rsquo;est dot\u00e9e en 2022 d&rsquo;un fonctionnement coll\u00e9gial, le pr\u00e9sident par exemple change obligatoirement entre deux assembl\u00e9es g\u00e9n\u00e9rales. Les membres travaillent sur diff\u00e9rents th\u00e8mes en groupes et \u00e0 distance : il existe donc un groupe Patrimoine et interventions (scolaires), un groupe Ev\u00e9nements, un pour la Gestion interne, un pour la Communication et un pour le projet Ferro &#8211; randos &#8211; balades.\u00a0\u00a0<\/p>\r\n<p>Chacun peut adh\u00e9rer \u00e0 l&rsquo;association en envoyant un mail <a href=\"mailto:150anstraincevenol@gmail.com\"><strong>ici<\/strong><\/a>. La cotisation a \u00e9t\u00e9 fix\u00e9e \u00e0 5 euros par personne, 10 euros pour les associations.<\/p>\r\n<p>Voici \u00e9ventuellement un bulletin d&rsquo;adh\u00e9sion \u00e0 remplir et \u00e0 retourner par la poste ou par mail :<\/p>\r\n<p><a href=\"https:\/\/vivele.traincevenol.eu\/wp-content\/uploads\/2022\/06\/BulletinAdhesionViveTrainCevenol2022.pdf\">BulletinAdh\u00e9sionViveTrainC\u00e9venol2022<\/a><\/p>\r\n<p>Vous pouvez \u00e9galement faire un don \u00e0 l&rsquo;association sur le m\u00eame formulaire. Vous obtiendrez certainement un beau dipl\u00f4me comme celui-ci&#8230;<\/p>\r\n<p><a href=\"https:\/\/vivele.traincevenol.eu\/wp-content\/uploads\/2022\/06\/diplome-ami-du-train-cevenol-150anstraincevenol-info-31858.png\"><img loading=\"lazy\" class=\"aligncenter size-full wp-image-318\" src=\"https:\/\/vivele.traincevenol.eu\/wp-content\/uploads\/2022\/06\/diplome-ami-du-train-cevenol-150anstraincevenol-info-31858.png\" alt=\"\" width=\"500\" height=\"351\" srcset=\"https:\/\/vivele.traincevenol.eu\/wp-content\/uploads\/2022\/06\/diplome-ami-du-train-cevenol-150anstraincevenol-info-31858.png 500w, https:\/\/vivele.traincevenol.eu\/wp-content\/uploads\/2022\/06\/diplome-ami-du-train-cevenol-150anstraincevenol-info-31858-300x211.png 300w\" sizes=\"(max-width: 500px) 100vw, 500px\" \/><\/a><\/p>\r\n<p>&nbsp;<\/p>\r\n<p>Vous trouverez bient\u00f4t sur cette page aussi des badges 150 ans train C\u00e9venol,\u00a0 des tee-shirts et des sweets rigolos entre autres choses tr\u00e8s utiles, \u00e9videmment.<\/p>\r\n","protected":false},"excerpt":{"rendered":"<p>L&rsquo;association Vive le Train C\u00e9venol est la continuation (non pr\u00e9vue) de \u00ab\u00a0150 ans de la ligne du train C\u00e9venol\u00a0\u00bb l&rsquo;organisation qui a men\u00e9 \u00e0 bien les festivit\u00e9s en 2021 autour de l&rsquo;anniversaire de la ligne. Un site d\u00e9di\u00e9 retrace tous les \u00e9v\u00e9nements organis\u00e9s, c&rsquo;est 150ans.traincevenol.eu La nouvelle association s&rsquo;est donn\u00e9e pour objectif d&rsquo;animer la ligne [&hellip;]<\/p>\n","protected":false},"author":1,"featured_media":0,"parent":0,"menu_order":0,"comment_status":"closed","ping_status":"closed","template":"","meta":[],"yoast_head":"<!-- This site is optimized with the Yoast SEO plugin v19.6 - https:\/\/yoast.com\/wordpress\/plugins\/seo\/ -->\n<title>L&#039;association - Vive le train C\u00e9venol !<\/title>\n<meta name=\"robots\" content=\"index, follow, max-snippet:-1, max-image-preview:large, max-video-preview:-1\" \/>\n<link rel=\"canonical\" href=\"https:\/\/vivele.traincevenol.eu\/?page_id=2\" \/>\n<meta property=\"og:locale\" content=\"fr_FR\" \/>\n<meta property=\"og:type\" content=\"article\" \/>\n<meta property=\"og:title\" content=\"L&#039;association - Vive le train C\u00e9venol !\" \/>\n<meta property=\"og:description\" content=\"L&rsquo;association Vive le Train C\u00e9venol est la continuation (non pr\u00e9vue) de \u00ab\u00a0150 ans de la ligne du train C\u00e9venol\u00a0\u00bb l&rsquo;organisation qui a men\u00e9 \u00e0 bien les festivit\u00e9s en 2021 autour de l&rsquo;anniversaire de la ligne. Un site d\u00e9di\u00e9 retrace tous les \u00e9v\u00e9nements organis\u00e9s, c&rsquo;est 150ans.traincevenol.eu La nouvelle association s&rsquo;est donn\u00e9e pour objectif d&rsquo;animer la ligne [&hellip;]\" \/>\n<meta property=\"og:url\" content=\"https:\/\/vivele.traincevenol.eu\/?page_id=2\" \/>\n<meta property=\"og:site_name\" content=\"Vive le train C\u00e9venol !\" \/>\n<meta property=\"article:modified_time\" content=\"2022-07-30T12:13:52+00:00\" \/>\n<meta property=\"og:image\" content=\"https:\/\/vivele.traincevenol.eu\/wp-content\/uploads\/2022\/06\/diplome-ami-du-train-cevenol-150anstraincevenol-info-31858.png\" \/>\n<meta name=\"twitter:card\" content=\"summary_large_image\" \/>\n<meta name=\"twitter:site\" content=\"@traincevenol150\" \/>\n<meta name=\"twitter:label1\" content=\"Dur\u00e9e de lecture estim\u00e9e\" \/>\n\t<meta name=\"twitter:data1\" content=\"2 minutes\" \/>\n<script type=\"application\/ld+json\" class=\"yoast-schema-graph\">{\"@context\":\"https:\/\/schema.org\",\"@graph\":[{\"@type\":\"WebPage\",\"@id\":\"https:\/\/vivele.traincevenol.eu\/?page_id=2\",\"url\":\"https:\/\/vivele.traincevenol.eu\/?page_id=2\",\"name\":\"L'association - Vive le train C\u00e9venol !\",\"isPartOf\":{\"@id\":\"https:\/\/vivele.traincevenol.eu\/#website\"},\"datePublished\":\"2022-02-12T15:05:29+00:00\",\"dateModified\":\"2022-07-30T12:13:52+00:00\",\"breadcrumb\":{\"@id\":\"https:\/\/vivele.traincevenol.eu\/?page_id=2#breadcrumb\"},\"inLanguage\":\"fr-FR\",\"potentialAction\":[{\"@type\":\"ReadAction\",\"target\":[\"https:\/\/vivele.traincevenol.eu\/?page_id=2\"]}]},{\"@type\":\"BreadcrumbList\",\"@id\":\"https:\/\/vivele.traincevenol.eu\/?page_id=2#breadcrumb\",\"itemListElement\":[{\"@type\":\"ListItem\",\"position\":1,\"name\":\"Accueil\",\"item\":\"https:\/\/vivele.traincevenol.eu\/\"},{\"@type\":\"ListItem\",\"position\":2,\"name\":\"L&rsquo;association\"}]},{\"@type\":\"WebSite\",\"@id\":\"https:\/\/vivele.traincevenol.eu\/#website\",\"url\":\"https:\/\/vivele.traincevenol.eu\/\",\"name\":\"Vive le train C\u00e9venol !\",\"description\":\"L&#039;axe M\u00e9diterran\u00e9e Auvergne via les C\u00e9vennes\",\"publisher\":{\"@id\":\"https:\/\/vivele.traincevenol.eu\/#organization\"},\"potentialAction\":[{\"@type\":\"SearchAction\",\"target\":{\"@type\":\"EntryPoint\",\"urlTemplate\":\"https:\/\/vivele.traincevenol.eu\/?s={search_term_string}\"},\"query-input\":\"required name=search_term_string\"}],\"inLanguage\":\"fr-FR\"},{\"@type\":\"Organization\",\"@id\":\"https:\/\/vivele.traincevenol.eu\/#organization\",\"name\":\"Association \\\"Vive le train C\u00e9venol \\\"\",\"url\":\"https:\/\/vivele.traincevenol.eu\/\",\"sameAs\":[\"https:\/\/twitter.com\/traincevenol150\"],\"logo\":{\"@type\":\"ImageObject\",\"inLanguage\":\"fr-FR\",\"@id\":\"https:\/\/vivele.traincevenol.eu\/#\/schema\/logo\/image\/\",\"url\":\"https:\/\/vivele.traincevenol.eu\/wp-content\/uploads\/2022\/02\/2022-logo-vltc-05.png\",\"contentUrl\":\"https:\/\/vivele.traincevenol.eu\/wp-content\/uploads\/2022\/02\/2022-logo-vltc-05.png\",\"width\":1496,\"height\":1496,\"caption\":\"Association \\\"Vive le train C\u00e9venol \\\"\"},\"image\":{\"@id\":\"https:\/\/vivele.traincevenol.eu\/#\/schema\/logo\/image\/\"}}]}<\/script>\n<!-- \/ Yoast SEO plugin. -->","yoast_head_json":{"title":"L'association - Vive le train C\u00e9venol !","robots":{"index":"index","follow":"follow","max-snippet":"max-snippet:-1","max-image-preview":"max-image-preview:large","max-video-preview":"max-video-preview:-1"},"canonical":"https:\/\/vivele.traincevenol.eu\/?page_id=2","og_locale":"fr_FR","og_type":"article","og_title":"L'association - Vive le train C\u00e9venol !","og_description":"L&rsquo;association Vive le Train C\u00e9venol est la continuation (non pr\u00e9vue) de \u00ab\u00a0150 ans de la ligne du train C\u00e9venol\u00a0\u00bb l&rsquo;organisation qui a men\u00e9 \u00e0 bien les festivit\u00e9s en 2021 autour de l&rsquo;anniversaire de la ligne. Un site d\u00e9di\u00e9 retrace tous les \u00e9v\u00e9nements organis\u00e9s, c&rsquo;est 150ans.traincevenol.eu La nouvelle association s&rsquo;est donn\u00e9e pour objectif d&rsquo;animer la ligne [&hellip;]","og_url":"https:\/\/vivele.traincevenol.eu\/?page_id=2","og_site_name":"Vive le train C\u00e9venol !","article_modified_time":"2022-07-30T12:13:52+00:00","og_image":[{"url":"https:\/\/vivele.traincevenol.eu\/wp-content\/uploads\/2022\/06\/diplome-ami-du-train-cevenol-150anstraincevenol-info-31858.png"}],"twitter_card":"summary_large_image","twitter_site":"@traincevenol150","twitter_misc":{"Dur\u00e9e de lecture estim\u00e9e":"2 minutes"},"schema":{"@context":"https:\/\/schema.org","@graph":[{"@type":"WebPage","@id":"https:\/\/vivele.traincevenol.eu\/?page_id=2","url":"https:\/\/vivele.traincevenol.eu\/?page_id=2","name":"L'association - Vive le train C\u00e9venol !","isPartOf":{"@id":"https:\/\/vivele.traincevenol.eu\/#website"},"datePublished":"2022-02-12T15:05:29+00:00","dateModified":"2022-07-30T12:13:52+00:00","breadcrumb":{"@id":"https:\/\/vivele.traincevenol.eu\/?page_id=2#breadcrumb"},"inLanguage":"fr-FR","potentialAction":[{"@type":"ReadAction","target":["https:\/\/vivele.traincevenol.eu\/?page_id=2"]}]},{"@type":"BreadcrumbList","@id":"https:\/\/vivele.traincevenol.eu\/?page_id=2#breadcrumb","itemListElement":[{"@type":"ListItem","position":1,"name":"Accueil","item":"https:\/\/vivele.traincevenol.eu\/"},{"@type":"ListItem","position":2,"name":"L&rsquo;association"}]},{"@type":"WebSite","@id":"https:\/\/vivele.traincevenol.eu\/#website","url":"https:\/\/vivele.traincevenol.eu\/","name":"Vive le train C\u00e9venol !","description":"L&#039;axe M\u00e9diterran\u00e9e Auvergne via les C\u00e9vennes","publisher":{"@id":"https:\/\/vivele.traincevenol.eu\/#organization"},"potentialAction":[{"@type":"SearchAction","target":{"@type":"EntryPoint","urlTemplate":"https:\/\/vivele.traincevenol.eu\/?s={search_term_string}"},"query-input":"required name=search_term_string"}],"inLanguage":"fr-FR"},{"@type":"Organization","@id":"https:\/\/vivele.traincevenol.eu\/#organization","name":"Association \"Vive le train C\u00e9venol \"","url":"https:\/\/vivele.traincevenol.eu\/","sameAs":["https:\/\/twitter.com\/traincevenol150"],"logo":{"@type":"ImageObject","inLanguage":"fr-FR","@id":"https:\/\/vivele.traincevenol.eu\/#\/schema\/logo\/image\/","url":"https:\/\/vivele.traincevenol.eu\/wp-content\/uploads\/2022\/02\/2022-logo-vltc-05.png","contentUrl":"https:\/\/vivele.traincevenol.eu\/wp-content\/uploads\/2022\/02\/2022-logo-vltc-05.png","width":1496,"height":1496,"caption":"Association \"Vive le train C\u00e9venol \""},"image":{"@id":"https:\/\/vivele.traincevenol.eu\/#\/schema\/logo\/image\/"}}]}},"_links":{"self":[{"href":"https:\/\/vivele.traincevenol.eu\/index.php?rest_route=\/wp\/v2\/pages\/2"}],"collection":[{"href":"https:\/\/vivele.traincevenol.eu\/index.php?rest_route=\/wp\/v2\/pages"}],"about":[{"href":"https:\/\/vivele.traincevenol.eu\/index.php?rest_route=\/wp\/v2\/types\/page"}],"author":[{"embeddable":true,"href":"https:\/\/vivele.traincevenol.eu\/index.php?rest_route=\/wp\/v2\/users\/1"}],"replies":[{"embeddable":true,"href":"https:\/\/vivele.traincevenol.eu\/index.php?rest_route=%2Fwp%2Fv2%2Fcomments&post=2"}],"version-history":[{"count":8,"href":"https:\/\/vivele.traincevenol.eu\/index.php?rest_route=\/wp\/v2\/pages\/2\/revisions"}],"predecessor-version":[{"id":428,"href":"https:\/\/vivele.traincevenol.eu\/index.php?rest_route=\/wp\/v2\/pages\/2\/revisions\/428"}],"wp:attachment":[{"href":"https:\/\/vivele.traincevenol.eu\/index.php?rest_route=%2Fwp%2Fv2%2Fmedia&parent=2"}],"curies":[{"name":"wp","href":"https:\/\/api.w.org\/{rel}","templated":true}]}}