{"id":119,"date":"2022-02-12T19:55:59","date_gmt":"2022-02-12T18:55:59","guid":{"rendered":"https:\/\/vivele.traincevenol.eu\/brite\/"},"modified":"2022-06-20T18:50:39","modified_gmt":"2022-06-20T16:50:39","slug":"brite","status":"publish","type":"page","link":"https:\/\/vivele.traincevenol.eu\/","title":{"rendered":"La carte interactive"},"content":{"rendered":"\r\n<p><iframe loading=\"lazy\" src=\"\/\/umap.openstreetmap.fr\/fr\/map\/carte-sans-nom_677195?scaleControl=false&amp;miniMap=true&amp;scrollWheelZoom=true&amp;zoomControl=true&amp;allowEdit=false&amp;moreControl=true&amp;searchControl=null&amp;tilelayersControl=null&amp;embedControl=null&amp;datalayersControl=true&amp;onLoadPanel=undefined&amp;captionBar=false&amp;datalayers=1959109\" width=\"100%\" height=\"1000px\" frameborder=\"0\" allowfullscreen=\"allowfullscreen\"><\/iframe><\/p>\r\n","protected":false},"excerpt":{"rendered":"","protected":false},"author":1,"featured_media":0,"parent":0,"menu_order":0,"comment_status":"closed","ping_status":"closed","template":"","meta":[],"yoast_head":"<!-- This site is optimized with the Yoast SEO plugin v19.6 - https:\/\/yoast.com\/wordpress\/plugins\/seo\/ -->\n<title>La carte interactive - Vive le train C\u00e9venol !<\/title>\n<meta name=\"robots\" content=\"index, follow, max-snippet:-1, max-image-preview:large, max-video-preview:-1\" \/>\n<link rel=\"canonical\" href=\"https:\/\/vivele.traincevenol.eu\/\" \/>\n<meta property=\"og:locale\" content=\"fr_FR\" \/>\n<meta property=\"og:type\" content=\"article\" \/>\n<meta property=\"og:title\" content=\"La carte interactive - Vive le train C\u00e9venol !\" \/>\n<meta property=\"og:url\" content=\"https:\/\/vivele.traincevenol.eu\/\" \/>\n<meta property=\"og:site_name\" content=\"Vive le train C\u00e9venol !\" \/>\n<meta property=\"article:modified_time\" content=\"2022-06-20T16:50:39+00:00\" \/>\n<meta name=\"twitter:card\" content=\"summary_large_image\" \/>\n<meta name=\"twitter:site\" content=\"@traincevenol150\" \/>\n<script type=\"application\/ld+json\" class=\"yoast-schema-graph\">{\"@context\":\"https:\/\/schema.org\",\"@graph\":[{\"@type\":\"WebPage\",\"@id\":\"https:\/\/vivele.traincevenol.eu\/\",\"url\":\"https:\/\/vivele.traincevenol.eu\/\",\"name\":\"La carte interactive - Vive le train C\u00e9venol !\",\"isPartOf\":{\"@id\":\"https:\/\/vivele.traincevenol.eu\/#website\"},\"datePublished\":\"2022-02-12T18:55:59+00:00\",\"dateModified\":\"2022-06-20T16:50:39+00:00\",\"breadcrumb\":{\"@id\":\"https:\/\/vivele.traincevenol.eu\/#breadcrumb\"},\"inLanguage\":\"fr-FR\",\"potentialAction\":[{\"@type\":\"ReadAction\",\"target\":[\"https:\/\/vivele.traincevenol.eu\/\"]}]},{\"@type\":\"BreadcrumbList\",\"@id\":\"https:\/\/vivele.traincevenol.eu\/#breadcrumb\",\"itemListElement\":[{\"@type\":\"ListItem\",\"position\":1,\"name\":\"Accueil\",\"item\":\"https:\/\/vivele.traincevenol.eu\/\"},{\"@type\":\"ListItem\",\"position\":2,\"name\":\"La carte interactive\"}]},{\"@type\":\"WebSite\",\"@id\":\"https:\/\/vivele.traincevenol.eu\/#website\",\"url\":\"https:\/\/vivele.traincevenol.eu\/\",\"name\":\"Vive le train C\u00e9venol !\",\"description\":\"L&#039;axe M\u00e9diterran\u00e9e Auvergne via les C\u00e9vennes\",\"publisher\":{\"@id\":\"https:\/\/vivele.traincevenol.eu\/#organization\"},\"potentialAction\":[{\"@type\":\"SearchAction\",\"target\":{\"@type\":\"EntryPoint\",\"urlTemplate\":\"https:\/\/vivele.traincevenol.eu\/?s={search_term_string}\"},\"query-input\":\"required name=search_term_string\"}],\"inLanguage\":\"fr-FR\"},{\"@type\":\"Organization\",\"@id\":\"https:\/\/vivele.traincevenol.eu\/#organization\",\"name\":\"Association \\\"Vive le train C\u00e9venol \\\"\",\"url\":\"https:\/\/vivele.traincevenol.eu\/\",\"sameAs\":[\"https:\/\/twitter.com\/traincevenol150\"],\"logo\":{\"@type\":\"ImageObject\",\"inLanguage\":\"fr-FR\",\"@id\":\"https:\/\/vivele.traincevenol.eu\/#\/schema\/logo\/image\/\",\"url\":\"https:\/\/vivele.traincevenol.eu\/wp-content\/uploads\/2022\/02\/2022-logo-vltc-05.png\",\"contentUrl\":\"https:\/\/vivele.traincevenol.eu\/wp-content\/uploads\/2022\/02\/2022-logo-vltc-05.png\",\"width\":1496,\"height\":1496,\"caption\":\"Association \\\"Vive le train C\u00e9venol \\\"\"},\"image\":{\"@id\":\"https:\/\/vivele.traincevenol.eu\/#\/schema\/logo\/image\/\"}}]}<\/script>\n<!-- \/ Yoast SEO plugin. -->","yoast_head_json":{"title":"La carte interactive - Vive le train C\u00e9venol !","robots":{"index":"index","follow":"follow","max-snippet":"max-snippet:-1","max-image-preview":"max-image-preview:large","max-video-preview":"max-video-preview:-1"},"canonical":"https:\/\/vivele.traincevenol.eu\/","og_locale":"fr_FR","og_type":"article","og_title":"La carte interactive - Vive le train C\u00e9venol !","og_url":"https:\/\/vivele.traincevenol.eu\/","og_site_name":"Vive le train C\u00e9venol !","article_modified_time":"2022-06-20T16:50:39+00:00","twitter_card":"summary_large_image","twitter_site":"@traincevenol150","schema":{"@context":"https:\/\/schema.org","@graph":[{"@type":"WebPage","@id":"https:\/\/vivele.traincevenol.eu\/","url":"https:\/\/vivele.traincevenol.eu\/","name":"La carte interactive - Vive le train C\u00e9venol !","isPartOf":{"@id":"https:\/\/vivele.traincevenol.eu\/#website"},"datePublished":"2022-02-12T18:55:59+00:00","dateModified":"2022-06-20T16:50:39+00:00","breadcrumb":{"@id":"https:\/\/vivele.traincevenol.eu\/#breadcrumb"},"inLanguage":"fr-FR","potentialAction":[{"@type":"ReadAction","target":["https:\/\/vivele.traincevenol.eu\/"]}]},{"@type":"BreadcrumbList","@id":"https:\/\/vivele.traincevenol.eu\/#breadcrumb","itemListElement":[{"@type":"ListItem","position":1,"name":"Accueil","item":"https:\/\/vivele.traincevenol.eu\/"},{"@type":"ListItem","position":2,"name":"La carte interactive"}]},{"@type":"WebSite","@id":"https:\/\/vivele.traincevenol.eu\/#website","url":"https:\/\/vivele.traincevenol.eu\/","name":"Vive le train C\u00e9venol !","description":"L&#039;axe M\u00e9diterran\u00e9e Auvergne via les C\u00e9vennes","publisher":{"@id":"https:\/\/vivele.traincevenol.eu\/#organization"},"potentialAction":[{"@type":"SearchAction","target":{"@type":"EntryPoint","urlTemplate":"https:\/\/vivele.traincevenol.eu\/?s={search_term_string}"},"query-input":"required name=search_term_string"}],"inLanguage":"fr-FR"},{"@type":"Organization","@id":"https:\/\/vivele.traincevenol.eu\/#organization","name":"Association \"Vive le train C\u00e9venol \"","url":"https:\/\/vivele.traincevenol.eu\/","sameAs":["https:\/\/twitter.com\/traincevenol150"],"logo":{"@type":"ImageObject","inLanguage":"fr-FR","@id":"https:\/\/vivele.traincevenol.eu\/#\/schema\/logo\/image\/","url":"https:\/\/vivele.traincevenol.eu\/wp-content\/uploads\/2022\/02\/2022-logo-vltc-05.png","contentUrl":"https:\/\/vivele.traincevenol.eu\/wp-content\/uploads\/2022\/02\/2022-logo-vltc-05.png","width":1496,"height":1496,"caption":"Association \"Vive le train C\u00e9venol \""},"image":{"@id":"https:\/\/vivele.traincevenol.eu\/#\/schema\/logo\/image\/"}}]}},"_links":{"self":[{"href":"https:\/\/vivele.traincevenol.eu\/index.php?rest_route=\/wp\/v2\/pages\/119"}],"collection":[{"href":"https:\/\/vivele.traincevenol.eu\/index.php?rest_route=\/wp\/v2\/pages"}],"about":[{"href":"https:\/\/vivele.traincevenol.eu\/index.php?rest_route=\/wp\/v2\/types\/page"}],"author":[{"embeddable":true,"href":"https:\/\/vivele.traincevenol.eu\/index.php?rest_route=\/wp\/v2\/users\/1"}],"replies":[{"embeddable":true,"href":"https:\/\/vivele.traincevenol.eu\/index.php?rest_route=%2Fwp%2Fv2%2Fcomments&post=119"}],"version-history":[{"count":15,"href":"https:\/\/vivele.traincevenol.eu\/index.php?rest_route=\/wp\/v2\/pages\/119\/revisions"}],"predecessor-version":[{"id":340,"href":"https:\/\/vivele.traincevenol.eu\/index.php?rest_route=\/wp\/v2\/pages\/119\/revisions\/340"}],"wp:attachment":[{"href":"https:\/\/vivele.traincevenol.eu\/index.php?rest_route=%2Fwp%2Fv2%2Fmedia&parent=119"}],"curies":[{"name":"wp","href":"https:\/\/api.w.org\/{rel}","templated":true}]}}